{"id":59,"date":"2017-07-18T08:40:33","date_gmt":"2017-07-18T08:40:33","guid":{"rendered":"http:\/\/technologyhub.it\/?page_id=59"},"modified":"2018-05-03T16:12:16","modified_gmt":"2018-05-03T16:12:16","slug":"arvr-hub","status":"publish","type":"page","link":"https:\/\/technologyhub-staging2026.senaf.it\/it\/saloni-espositivi\/arvr-hub\/","title":{"rendered":"Ar\/Vr Hub"},"content":{"rendered":"[vc_row equal_height=&#8221;yes&#8221; el_class=&#8221;my-1&#8243;][vc_column][vc_row_inner equal_height=&#8221;yes&#8221; content_placement=&#8221;top&#8221;][vc_column_inner el_class=&#8221;py-lg-2 px-lg-5&#8243; width=&#8221;2\/3&#8243;][vc_column_text]\n<h3>Novit\u00e0 2018:<\/h3>\n<p>Dimostrazioni, approfondimenti e formazione per i visitatori.<\/p>\n<ul>\n<li><strong>Piazza AR\/VR<\/strong>,\u00a0\u00a0<a href=\"https:\/\/www.technologyhub.it\/it\/initiative\/piazza-ar-vr\/\"><strong>Scopri di pi\u00f9, clicca qui&#8230;<\/strong><\/a><\/li>\n<li><strong>Area dimostrativa Customer experience <a href=\"https:\/\/www.technologyhub.it\/it\/initiative\/area-dimostrativa-customer-experience\/\">Scopri di pi\u00f9, clicca qui&#8230;<\/a><\/strong><\/li>\n<\/ul>\n[\/vc_column_text][vc_column_text]\n<h2 class=\"mb-1\">La realt\u00e0 formata dai bit<\/h2>\n<p>Realt\u00e0 aumentata, Realt\u00e0 virtuale e esperienze immersive si stanno imponendo sul mercato, facendosi largo in campo\u00a0<strong>industriale, medico e nei servizi<\/strong>. Un mercato da 150 miliardi di dollari entro il 2020 secondo la societ\u00e0 di analisi di mercato Digi-Capital.<\/p>\n<p><strong>Ar\/Vr Hub<\/strong>\u00a0\u00e8 un\u2019area che raccoglie i produttori di\u00a0<strong>soluzioni B2B realizzate con strumenti di Realt\u00e0 Aumentata e Realt\u00e0 Virtuale<\/strong>\u00a0che consentono di riprogettare in modo pi\u00f9 efficace i processi aziendali tradizionali.<\/p>\n<p>Dalla logistica all\u2019 amministrazione, dal marketing alle vendite, dalla comunicazione all\u2019entertainment, ogni processo diventa pi\u00f9 istintivo e veloce grazie alla nuova interazione uomo-macchina resa possibile dalle tecnologie Ar\/Vr.<\/p>\n<p>I focus dello spazio:<\/p>\n<ul>\n<li><strong>Progettazione e Design Review<\/strong><\/li>\n<li><strong>Manutenzione e Assistenza Tecnica<\/strong><\/li>\n<li><strong>Retail<\/strong><\/li>\n<li><strong>Advertising<\/strong><\/li>\n<li><strong>Formazione e Sicurezza<\/strong><\/li>\n<li><strong>Riabilitazione e Cura<\/strong><\/li>\n<li><strong>Esperienze immersive<\/strong><\/li>\n<\/ul>\n<p>&nbsp;<\/p>\n[\/vc_column_text][vc_column_text]<a class=\"btn btn-lg btn-primary my-2\" href=\"\/it\/contatti\/\">Richiedi informazioni<\/a>\u00a0<a class=\"btn btn-lg btn-primary outline my-1href=\" href=\"https:\/\/www.technologyhub.it\/it\/biglietto-ingresso-omaggio\/\" target=\"_blank\" rel=\"noopener\">Biglietto ingresso omaggio<\/a>[\/vc_column_text][vc_column_text]\n<h3>Convegni in evidenza<\/h3>\n<p>Giovedi 17 maggio<\/p>\n<ul>\n<li>10:30 &#8211; 11:00 &#8211; &#8220;<strong>Vr &amp; Marketing: nuove opportunit\u00e0 di business&#8221;<br \/>\n<\/strong>Organizzato da:\u00a0IMMENSIVE SRLS, Francesco Sorrentino<\/li>\n<li>11:00 &#8211; 11:30 &#8211; <strong>&#8220;Realt\u00e0 Virtuale per l&#8217;architettura e il design&#8221;<br \/>\n<\/strong>Organizzato da:\u00a0SUPERRESOLUTION SRL, Tommaso Vergelli<\/li>\n<li>11:30 &#8211; 12:00<strong>\u00a0 &#8211; &#8220;<\/strong><strong>Realt\u00e0 virtuale, game e Marketing&#8221;<br \/>\n<\/strong>Organizzato da:\u00a0ORWELL, Francesco Picchio<\/li>\n<li>13:30 &#8211; 14:00 &#8211; <strong>&#8220;Tecnologie di frontiera nel business&#8221;<br \/>\n<\/strong>Organizzato da:\u00a0Fingerlinks, Antonio Puledda &#8211; Fabio Ranieri<strong><br \/>\n<\/strong><\/li>\n<li>15:45 &#8211; 17:00 <strong>\u00a0&#8211;\u00a0<\/strong><strong>&#8220;AR\/VR\/XR nuovi tools per il designer: Metabolizzazione della nuove procedure ed influenza possibile sulla generazione dell\u2019idea. &#8211; FOCUS DESIGN&#8221;<br \/>\n<\/strong>Intervengono:\u00a0<em>Superresolution- vr, Immensive- vr, Netframe- ar<br \/>\nModera:\u00a0<em>Tiziana Primavera<\/em><br \/>\n<\/em><\/li>\n<\/ul>\n<p>Venerdi 18 maggio<\/p>\n<ul>\n<li>11:30 &#8211; 13:00 <strong>&#8220;Look of life- la terapia dello stupore: la realt\u00e0 virtuale a beneficio dei malati di tumore&#8221;<br \/>\n<\/strong>Organizzato da:\u00a0Fondazione ANT<\/li>\n<li>14:00 &#8211; 14:45\u00a0 &#8211;\u00a0<strong>Premiazione Hackathon Vr<br \/>\n<\/strong>Organizzato da:\u00a0IMRA<\/li>\n<li>15:00 &#8211; 15:30<strong>\u00a0&#8211;\u00a0<\/strong><strong>Work<br \/>\n<\/strong><em>Relatore<\/em>: Tiziana Primavera &#8211; speech introduttivo<\/li>\n<li><strong>\u00a0<\/strong>15:30 &#8211; 16:45\u00a0 &#8211;\u00a0<strong>&#8220;Perch\u00e8 AR\/VR \/XR sono fattori realmente disruptive per la produttivit\u00e0 e la flessibilit\u00e0 dei processi aziendali &#8211; FOCUS TECHNICAL PROFESSIONAL FIELDS&#8221;<br \/>\n<\/strong><em>Intervengono<\/em>:\u00a0HIBRID REALITY VR,\u00a0REALMORE AR, ECONOCOM,\u00a0INGLOBE TECHNOLOGIES,\u00a0IDEGO VR &#8211; PSICOLOGIA DIGITALE<br \/>\n<em>Modera<\/em>: Tiziana Primavera<\/li>\n<li>16:45 &#8211; 17:30\u00a0 &#8211; &#8220;<strong>Realt\u00e0 Aumentata e Virtuale in ambito Business: Miti e Realt\u00e0 &#8211; FOCUS ENTERPRISE&#8221;<br \/>\n<\/strong><em>Intervengono<\/em>:\u00a0FINGERLINK, FIDES CONSULTING, ARGOVISION, WEAR, HP<br \/>\n<em>Modera<\/em>: Tiziana Primavera<\/li>\n<\/ul>\n<p>Sabato 19 maggio<\/p>\n<ul>\n<li>12:00 &#8211; 14:00<strong>\u00a0 &#8211;\u00a0<\/strong><strong>FOCUS AREA GAMING VR<br \/>\n<\/strong><em>Intervengono:\u00a0<\/em>FABLAB VR, SANTER\u00a0REPLY VR<strong><br \/>\n<\/strong><\/li>\n<li>15:30 &#8211; 16:45 &#8220;<strong>AR\/VR: Un posto chiave quello del Cultural Heritage &#8211; FOCUS CULTURAL HERITAGE&#8221;<br \/>\n<\/strong><em>Intervengono<\/em>: ORWELL VR, ETT AR, TRYECO, IMRA<br \/>\n<em>Modera<\/em>: Tiziana Primavera<\/li>\n<li>16:45 &#8211; 17:30\u00a0 &#8211; <strong>&#8220;Marketing &amp; Retail in contesti sempre pi\u00f9 personalizzati: l\u2019impatto potenzialmente rivoluzionario dell\u2019Augmented Reality &#8211; FOCUS MARKETING\/RETAIL&#8221;<br \/>\n<\/strong><em>Intervengono<\/em>:\u00a0ELSE CORP, ANOTHEREALITY, MARK UP<br \/>\n<em>Modera<\/em>: Giovanni Landi<strong><br \/>\n<\/strong><\/li>\n<\/ul>\n[\/vc_column_text][\/vc_column_inner][vc_column_inner el_class=&#8221;p-1 p-sm-3 p-lg-4 bg-darker&#8221; width=&#8221;1\/3&#8243;][vc_column_text]\n<h3 class=\"mt-0\">Saloni espositivi<\/h3>\n[\/vc_column_text][vc_wp_custommenu nav_menu=&#8221;15&#8243;][\/vc_column_inner][\/vc_row_inner][\/vc_column][\/vc_row][vc_row equal_height=&#8221;yes&#8221; el_class=&#8221;my-1 bg-gray&#8221;][vc_column width=&#8221;1\/3&#8243; css=&#8221;.vc_custom_1508919596231{background-image: url(\/public\/uploads\/sites\/7\/1920X1080_ar-vr_2.jpg?id=616) !important;background-position: center !important;background-repeat: no-repeat !important;background-size: cover !important;}&#8221; el_class=&#8221;col-img&#8221;][\/vc_column][vc_column width=&#8221;2\/3&#8243; el_class=&#8221;py-lg-2 px-lg-5&#8243;][vc_column_text]\n<h2 class=\"my-1\">I prodotti innovativi di\u00a0Ar \/ Vr\u00a0Hub<\/h2>\n<ul>\n<li>Applicativi Ar \/ Vr\u00a0per il B2B<\/li>\n<li>Visori Ar \/ Vr<\/li>\n<li>Smart Glasses<\/li>\n<li>Cardboard<\/li>\n<li>Telecamere a 360\u00b0<\/li>\n<li>Servizi di Ar \/ Vr per B2B<\/li>\n<\/ul>\n[\/vc_column_text][vc_column_text el_class=&#8221;mt-3&#8243;]\n<h3 class=\"my-1\">Ambiti di applicazione approfonditi<\/h3>\n[\/vc_column_text][vc_row_inner][vc_column_inner width=&#8221;1\/3&#8243;][vc_column_text]\n<ul>\n<li>INDUSTRIA<\/li>\n<li>INGEGNERIA E DESIGN<\/li>\n<li>MEDICALE<\/li>\n<li>AUTOMOTIVE<\/li>\n<\/ul>\n[\/vc_column_text][\/vc_column_inner][vc_column_inner width=&#8221;1\/3&#8243;][vc_column_text]\n<ul>\n<li>RETAIL<\/li>\n<li>ADVERTISING<\/li>\n<li>SOCIAL MARKETING<\/li>\n<li>REAL ESTATE<\/li>\n<\/ul>\n[\/vc_column_text][\/vc_column_inner][vc_column_inner width=&#8221;1\/3&#8243;][vc_column_text]\n<ul>\n<li>BENI CULTURALI E TURISMO<\/li>\n<li>MEDIA E ENTERTAINMENT<\/li>\n<li>GAMING<\/li>\n<li>DIDATTICA<\/li>\n<\/ul>\n[\/vc_column_text][\/vc_column_inner][\/vc_row_inner][\/vc_column][\/vc_row]\n","protected":false},"excerpt":{"rendered":"<p>[vc_row equal_height=&#8221;yes&#8221; el_class=&#8221;my-1&#8243;][vc_column][vc_row_inner equal_height=&#8221;yes&#8221; content_placement=&#8221;top&#8221;][vc_column_inner el_class=&#8221;py-lg-2 px-lg-5&#8243; width=&#8221;2\/3&#8243;][vc_column_text] Novit\u00e0 2018: Dimostrazioni, approfondimenti e formazione per i visitatori. Piazza AR\/VR,\u00a0\u00a0Scopri di pi\u00f9, clicca qui&#8230; Area dimostrativa Customer experience Scopri di pi\u00f9, clicca qui&#8230; [\/vc_column_text][vc_column_text] La realt\u00e0 formata dai bit Realt\u00e0 aumentata, Realt\u00e0 virtuale e esperienze immersive si stanno imponendo sul mercato, facendosi largo in campo\u00a0industriale, medico [&hellip;]<\/p>\n","protected":false},"author":1,"featured_media":715,"parent":18,"menu_order":0,"comment_status":"closed","ping_status":"closed","template":"","meta":[],"acf":[],"aioseo_notices":[],"_links":{"self":[{"href":"https:\/\/technologyhub-staging2026.senaf.it\/it\/wp-json\/wp\/v2\/pages\/59"}],"collection":[{"href":"https:\/\/technologyhub-staging2026.senaf.it\/it\/wp-json\/wp\/v2\/pages"}],"about":[{"href":"https:\/\/technologyhub-staging2026.senaf.it\/it\/wp-json\/wp\/v2\/types\/page"}],"author":[{"embeddable":true,"href":"https:\/\/technologyhub-staging2026.senaf.it\/it\/wp-json\/wp\/v2\/users\/1"}],"replies":[{"embeddable":true,"href":"https:\/\/technologyhub-staging2026.senaf.it\/it\/wp-json\/wp\/v2\/comments?post=59"}],"version-history":[{"count":25,"href":"https:\/\/technologyhub-staging2026.senaf.it\/it\/wp-json\/wp\/v2\/pages\/59\/revisions"}],"predecessor-version":[{"id":3654,"href":"https:\/\/technologyhub-staging2026.senaf.it\/it\/wp-json\/wp\/v2\/pages\/59\/revisions\/3654"}],"up":[{"embeddable":true,"href":"https:\/\/technologyhub-staging2026.senaf.it\/it\/wp-json\/wp\/v2\/pages\/18"}],"wp:featuredmedia":[{"embeddable":true,"href":"https:\/\/technologyhub-staging2026.senaf.it\/it\/wp-json\/wp\/v2\/media\/715"}],"wp:attachment":[{"href":"https:\/\/technologyhub-staging2026.senaf.it\/it\/wp-json\/wp\/v2\/media?parent=59"}],"curies":[{"name":"wp","href":"https:\/\/api.w.org\/{rel}","templated":true}]}}