{"id":26,"date":"2017-07-18T08:34:53","date_gmt":"2017-07-18T08:34:53","guid":{"rendered":"http:\/\/technologyhub.it\/?page_id=26"},"modified":"2018-05-02T10:36:39","modified_gmt":"2018-05-02T10:36:39","slug":"dicono-di-noi","status":"publish","type":"page","link":"https:\/\/technologyhub-staging2026.senaf.it\/it\/visitatori\/profilo-visitatori\/dicono-di-noi\/","title":{"rendered":"Dicono di noi"},"content":{"rendered":"[vc_row equal_height=&#8221;yes&#8221; el_class=&#8221;my-1&#8243;][vc_column][vc_row_inner equal_height=&#8221;yes&#8221; content_placement=&#8221;top&#8221;][vc_column_inner el_class=&#8221;py-lg-2 px-lg-5&#8243; width=&#8221;2\/3&#8243;][vc_column_text]\n<h2>Il parere dei visitatori<\/h2>\n<p class=\"subtitle\">Esperienze e feedback\u00a0di chi ha visitato la fiera<\/p>\n<p>Ecco le testimonianze di alcuni dei partecipanti che hanno scelto\u00a0Technology Hub per scoprire le proposte e le novit\u00e0 dei nostri espositori.<br \/>\n<a class=\"btn btn-lg btn-primary my-2\" href=\"#\" data-toggle=\"modal\" data-target=\"#modalForm\">Richiedi informazioni<\/a>\u00a0<a class=\"btn btn-lg btn-primary outline my-1\" href=\"https:\/\/www.technologyhub.it\/it\/biglietto-ingresso-omaggio\/\" target=\"_blank\" rel=\"noopener\">Biglietto ingresso omaggio<\/a>[\/vc_column_text][\/vc_column_inner][vc_column_inner el_class=&#8221;p-1 p-sm-3 p-lg-4 bg-darker&#8221; width=&#8221;1\/3&#8243;][vc_column_text]\n<h3 class=\"mt-0\">Visitatori<\/h3>\n[\/vc_column_text][vc_wp_custommenu nav_menu=&#8221;17&#8243;][vc_column_text]\n<h3 class=\"mt-0\">Informazioni<\/h3>\n[\/vc_column_text][vc_wp_custommenu nav_menu=&#8221;13&#8243;][\/vc_column_inner][\/vc_row_inner][\/vc_column][\/vc_row][vc_row equal_height=&#8221;yes&#8221; el_class=&#8221;my-1 bg-gray&#8221;][vc_column el_class=&#8221;p-1 p-sm-3 p-lg-4&#8243; offset=&#8221;vc_col-md-offset-2 vc_col-md-8&#8243;][vc_column_text]\n<h2 style=\"text-align: center;\">Le opinioni dei visitatori<\/h2>\n[\/vc_column_text][vc_column_text]\n<blockquote><p>\u201cOttima manifestazione per conoscere i trend del mercato e trovare fornitori\/collaborazioni\u201d<\/p>\n<footer>Michele M., Titolare<\/footer>\n<\/blockquote>\n[\/vc_column_text][vc_column_text]\n<blockquote><p>\u201cHo trovato un buon numero di contatti\u201d<\/p>\n<footer>Marco D., Responsabile Commerciale<\/footer>\n<\/blockquote>\n[\/vc_column_text][vc_column_text]\n<blockquote><p>\u201cMolto utile per verifica prodotti da acquistare e per tenersi aggiornato sulle novit\u00e0\u201d<\/p>\n<footer>Marcella D., Ricerca &amp; Sviluppo<\/footer>\n<\/blockquote>\n[\/vc_column_text][vc_column_text]\n<blockquote><p>\u201cElevato livello qualitativo degli espositori presenti\u201d<\/p>\n<footer>Sandro B., Titolare<\/footer>\n<\/blockquote>\n[\/vc_column_text][vc_column_text]\n<blockquote><p>\u201cEvento particolarmente interessante con la possibilit\u00e0 di visionare e testare numerose soluzioni innovative\u201d<\/p>\n<footer>Alessandro R., Consulente<\/footer>\n<\/blockquote>\n[\/vc_column_text][vc_column_text]\n<blockquote><p>\u201cPossibilit\u00e0 di scoprire nuove tecnologie e tendenze, contattare diversi possibili fornitori e scambiare opinioni tecniche, conoscere i prezzi di mercato\u201d<\/p>\n<footer>Giuseppe I., Ufficio Tecnico<\/footer>\n<\/blockquote>\n[\/vc_column_text][vc_column_text]\n<blockquote><p>\u201cFiera facilmente visitabile, ricca di contenuti e interventi\u201d<\/p>\n<footer>David G., Cloud Product Manager<\/footer>\n<\/blockquote>\n[\/vc_column_text][vc_column_text]\n<blockquote><p>\u201cOccasione per avere una visione d\u2019insieme del mercato\u201d<\/p>\n<footer>Vinicio P., IT Manager<\/footer>\n<\/blockquote>\n[\/vc_column_text][vc_column_text]\n<blockquote><p>\u201cTratta temi talmente innovativi che difficilmente si possono conoscere in modo cos\u00ec diretto ed efficace come in fiera<\/p>\n<footer>Carola M., Designer<\/footer>\n<\/blockquote>\n[\/vc_column_text][vc_column_text]\n<blockquote><p>\u201cUtile per avere un riscontro pratico all\u2019applicazione delle ultime nuove tecnologie\u201d<\/p>\n<footer>Alessandro R., Responsabile Produzione<\/footer>\n<\/blockquote>\n[\/vc_column_text][vc_column_text]\n<blockquote><p>\u201cRicchezza dei contenuti trovati, mix di tecnologie, fornitori e novit\u00e0\u201d<\/p>\n<footer>Alberto S., Progettista<\/footer>\n<\/blockquote>\n[\/vc_column_text][vc_column_text]\n<blockquote><p>\u201cNovit\u00e0, ingegno, creativit\u00e0, praticit\u00e0, fantasia\u201d<\/p>\n<footer>Marco B., Titolare<\/footer>\n<\/blockquote>\n[\/vc_column_text][vc_column_text]\n<blockquote><p>\u201cOttima occasione per conoscere la declinazione reale delle nuove tecnologie ai vari ambiti applicativi\u201d<\/p>\n<footer>Mauro F., Product Manager<\/footer>\n<\/blockquote>\n[\/vc_column_text][vc_column_text]\n<blockquote><p>\u201cNecessario per uno sguardo tecnico al futuro\u201d<\/p>\n<footer>Claudio A., Ufficio Tecnico<\/footer>\n<\/blockquote>\n[\/vc_column_text][vc_column_text]\n<blockquote><p>\u201cEvento che abbraccia diversi ambiti e sempre molto attuali e in evoluzione. E\u2019 molto stimolante\u201d<\/p>\n<footer>Alberto Z., Professione Sanitaria<\/footer>\n<\/blockquote>\n[\/vc_column_text][vc_column_text el_class=&#8221;text-center&#8221;]<a class=\"btn btn-lg btn-primary my-2\" href=\"#\">Richiedi informazioni<\/a>[\/vc_column_text][\/vc_column][\/vc_row]\n","protected":false},"excerpt":{"rendered":"<p>[vc_row equal_height=&#8221;yes&#8221; el_class=&#8221;my-1&#8243;][vc_column][vc_row_inner equal_height=&#8221;yes&#8221; content_placement=&#8221;top&#8221;][vc_column_inner el_class=&#8221;py-lg-2 px-lg-5&#8243; width=&#8221;2\/3&#8243;][vc_column_text] Il parere dei visitatori Esperienze e feedback\u00a0di chi ha visitato la fiera Ecco le testimonianze di alcuni dei partecipanti che hanno scelto\u00a0Technology Hub per scoprire le proposte e le novit\u00e0 dei nostri espositori. Richiedi informazioni\u00a0Biglietto ingresso omaggio[\/vc_column_text][\/vc_column_inner][vc_column_inner el_class=&#8221;p-1 p-sm-3 p-lg-4 bg-darker&#8221; width=&#8221;1\/3&#8243;][vc_column_text] Visitatori [\/vc_column_text][vc_wp_custommenu nav_menu=&#8221;17&#8243;][vc_column_text] Informazioni [\/vc_column_text][vc_wp_custommenu [&hellip;]<\/p>\n","protected":false},"author":1,"featured_media":740,"parent":1319,"menu_order":0,"comment_status":"closed","ping_status":"closed","template":"","meta":[],"acf":[],"aioseo_notices":[],"_links":{"self":[{"href":"https:\/\/technologyhub-staging2026.senaf.it\/it\/wp-json\/wp\/v2\/pages\/26"}],"collection":[{"href":"https:\/\/technologyhub-staging2026.senaf.it\/it\/wp-json\/wp\/v2\/pages"}],"about":[{"href":"https:\/\/technologyhub-staging2026.senaf.it\/it\/wp-json\/wp\/v2\/types\/page"}],"author":[{"embeddable":true,"href":"https:\/\/technologyhub-staging2026.senaf.it\/it\/wp-json\/wp\/v2\/users\/1"}],"replies":[{"embeddable":true,"href":"https:\/\/technologyhub-staging2026.senaf.it\/it\/wp-json\/wp\/v2\/comments?post=26"}],"version-history":[{"count":28,"href":"https:\/\/technologyhub-staging2026.senaf.it\/it\/wp-json\/wp\/v2\/pages\/26\/revisions"}],"predecessor-version":[{"id":3629,"href":"https:\/\/technologyhub-staging2026.senaf.it\/it\/wp-json\/wp\/v2\/pages\/26\/revisions\/3629"}],"up":[{"embeddable":true,"href":"https:\/\/technologyhub-staging2026.senaf.it\/it\/wp-json\/wp\/v2\/pages\/1319"}],"wp:featuredmedia":[{"embeddable":true,"href":"https:\/\/technologyhub-staging2026.senaf.it\/it\/wp-json\/wp\/v2\/media\/740"}],"wp:attachment":[{"href":"https:\/\/technologyhub-staging2026.senaf.it\/it\/wp-json\/wp\/v2\/media?parent=26"}],"curies":[{"name":"wp","href":"https:\/\/api.w.org\/{rel}","templated":true}]}}